{"id":584,"date":"2026-03-12T12:09:04","date_gmt":"2026-03-12T12:09:04","guid":{"rendered":"https:\/\/kksnederland.nl\/?page_id=584"},"modified":"2026-04-20T19:16:02","modified_gmt":"2026-04-20T19:16:02","slug":"sectoren","status":"publish","type":"page","link":"https:\/\/kks-group.nl\/de\/sectoren\/","title":{"rendered":"Sektoren"},"content":{"rendered":"<div data-elementor-type=\"wp-page\" data-elementor-id=\"584\" class=\"elementor elementor-584\" data-elementor-post-type=\"page\">\n\t\t\t\t<div class=\"elementor-element elementor-element-684050c e-con-full e-flex e-con e-parent\" data-id=\"684050c\" data-element_type=\"container\" data-e-type=\"container\" data-settings=\"{&quot;background_background&quot;:&quot;classic&quot;}\">\n\t\t<div class=\"elementor-element elementor-element-474fc15 e-flex e-con-boxed e-con e-child\" data-id=\"474fc15\" data-element_type=\"container\" data-e-type=\"container\">\n\t\t\t\t\t<div class=\"e-con-inner\">\n\t\t\t\t<div class=\"elementor-element elementor-element-8c16d89 elementor-align-left elementor-widget elementor-widget-breadcrumbs\" data-id=\"8c16d89\" data-element_type=\"widget\" data-e-type=\"widget\" data-widget_type=\"breadcrumbs.default\">\n\t\t\t\t\t<p id=\"breadcrumbs\"><span><span><a href=\"https:\/\/kks-group.nl\/de\/\">Startseite<\/a><\/span><\/span><\/p>\t\t\t\t<\/div>\n\t\t\t\t\t<\/div>\n\t\t\t\t<\/div>\n\t\t\t\t<\/div>\n\t\t<div class=\"elementor-element elementor-element-d0213c0 e-flex e-con-boxed e-con e-parent\" data-id=\"d0213c0\" data-element_type=\"container\" data-e-type=\"container\" data-settings=\"{&quot;background_background&quot;:&quot;classic&quot;}\">\n\t\t\t\t\t<div class=\"e-con-inner\">\n\t\t<div class=\"elementor-element elementor-element-0ef95b6 e-con-full e-flex e-con e-child\" data-id=\"0ef95b6\" data-element_type=\"container\" data-e-type=\"container\">\n\t\t\t\t<div class=\"elementor-element elementor-element-1f34057 elementor-widget elementor-widget-heading\" data-id=\"1f34057\" data-element_type=\"widget\" data-e-type=\"widget\" data-widget_type=\"heading.default\">\n\t\t\t\t\t<h1 class=\"elementor-heading-title elementor-size-default\">Sektoren, in denen KKS t\u00e4tig ist<\/h1>\t\t\t\t<\/div>\n\t\t\t\t<div class=\"elementor-element elementor-element-d611144 elementor-widget elementor-widget-text-editor\" data-id=\"d611144\" data-element_type=\"widget\" data-e-type=\"widget\" data-widget_type=\"text-editor.default\">\n\t\t\t\t\t\t\t\t\t<p data-start=\"362\" data-end=\"535\">KKS Niederlande unterst\u00fctzt Organisationen in verschiedenen Bereichen, in denen Flexibilit\u00e4t, Professionalit\u00e4t und zuverl\u00e4ssiger Einsatz wichtig sind. Wir bieten Unterst\u00fctzung durch Fachkr\u00e4fte f\u00fcr technische Arbeiten, Reinigung, Transport und Sicherheit.<\/p><p data-start=\"362\" data-end=\"535\">Jeder Sektor hat seine eigene Dynamik. Arbeitsabl\u00e4ufe, Sicherheitsanforderungen und Zeitpl\u00e4ne unterscheiden sich von einer Umgebung zur anderen. Deshalb gew\u00e4hrleisten wir einen Ansatz, der der Praxis des Sektors entspricht, in dem unsere Kunden t\u00e4tig sind.<\/p>\t\t\t\t\t\t\t\t<\/div>\n\t\t\t\t<\/div>\n\t\t<div class=\"elementor-element elementor-element-e08155a e-con-full e-flex e-con e-child\" data-id=\"e08155a\" data-element_type=\"container\" data-e-type=\"container\">\n\t\t<div class=\"elementor-element elementor-element-1316f71 e-con-full e-flex e-con e-child\" data-id=\"1316f71\" data-element_type=\"container\" data-e-type=\"container\">\n\t\t\t\t<div class=\"elementor-element elementor-element-3ed887d elementor-widget elementor-widget-image\" data-id=\"3ed887d\" data-element_type=\"widget\" data-e-type=\"widget\" data-widget_type=\"image.default\">\n\t\t\t\t\t\t\t\t\t\t\t\t\t\t\t<img fetchpriority=\"high\" decoding=\"async\" width=\"2500\" height=\"1663\" src=\"https:\/\/kks-group.nl\/wp-content\/uploads\/2026\/03\/KKS-28.webp\" class=\"attachment-full size-full wp-image-125\" alt=\"personeel voor verschillende sectoren\" srcset=\"https:\/\/kks-group.nl\/wp-content\/uploads\/2026\/03\/KKS-28.webp 2500w, https:\/\/kks-group.nl\/wp-content\/uploads\/2026\/03\/KKS-28-300x200.webp 300w, https:\/\/kks-group.nl\/wp-content\/uploads\/2026\/03\/KKS-28-1024x681.webp 1024w, https:\/\/kks-group.nl\/wp-content\/uploads\/2026\/03\/KKS-28-768x511.webp 768w, https:\/\/kks-group.nl\/wp-content\/uploads\/2026\/03\/KKS-28-1536x1022.webp 1536w, https:\/\/kks-group.nl\/wp-content\/uploads\/2026\/03\/KKS-28-2048x1362.webp 2048w\" sizes=\"(max-width: 2500px) 100vw, 2500px\" \/>\t\t\t\t\t\t\t\t\t\t\t\t\t\t\t<\/div>\n\t\t\t\t<div class=\"elementor-element elementor-element-283b273 elementor-widget elementor-widget-image\" data-id=\"283b273\" data-element_type=\"widget\" data-e-type=\"widget\" data-widget_type=\"image.default\">\n\t\t\t\t\t\t\t\t\t\t\t\t\t\t\t<img decoding=\"async\" width=\"800\" height=\"800\" src=\"https:\/\/kks-group.nl\/wp-content\/uploads\/2026\/03\/Voor-werknemers-KKS-Nederland-1024x1024.webp\" class=\"attachment-large size-large wp-image-56\" alt=\"Transport Personal Logistik Mitarbeiter\" srcset=\"https:\/\/kks-group.nl\/wp-content\/uploads\/2026\/03\/Voor-werknemers-KKS-Nederland-1024x1024.webp 1024w, https:\/\/kks-group.nl\/wp-content\/uploads\/2026\/03\/Voor-werknemers-KKS-Nederland-300x300.webp 300w, https:\/\/kks-group.nl\/wp-content\/uploads\/2026\/03\/Voor-werknemers-KKS-Nederland-150x150.webp 150w, https:\/\/kks-group.nl\/wp-content\/uploads\/2026\/03\/Voor-werknemers-KKS-Nederland-768x768.webp 768w, https:\/\/kks-group.nl\/wp-content\/uploads\/2026\/03\/Voor-werknemers-KKS-Nederland.webp 1200w\" sizes=\"(max-width: 800px) 100vw, 800px\" \/>\t\t\t\t\t\t\t\t\t\t\t\t\t\t\t<\/div>\n\t\t\t\t<\/div>\n\t\t<div class=\"elementor-element elementor-element-f3a03b1 e-con-full e-flex e-con e-child\" data-id=\"f3a03b1\" data-element_type=\"container\" data-e-type=\"container\">\n\t\t\t\t<div class=\"elementor-element elementor-element-7402a0f elementor-widget elementor-widget-image\" data-id=\"7402a0f\" data-element_type=\"widget\" data-e-type=\"widget\" data-widget_type=\"image.default\">\n\t\t\t\t\t\t\t\t\t\t\t\t\t\t\t<img decoding=\"async\" width=\"681\" height=\"1024\" src=\"https:\/\/kks-group.nl\/wp-content\/uploads\/2026\/03\/Teamfoto-KKS-681x1024.webp\" class=\"attachment-large size-large wp-image-97\" alt=\"professionelle Fachleute KKS Niederlande\" srcset=\"https:\/\/kks-group.nl\/wp-content\/uploads\/2026\/03\/Teamfoto-KKS-681x1024.webp 681w, https:\/\/kks-group.nl\/wp-content\/uploads\/2026\/03\/Teamfoto-KKS-199x300.webp 199w, https:\/\/kks-group.nl\/wp-content\/uploads\/2026\/03\/Teamfoto-KKS.webp 750w\" sizes=\"(max-width: 681px) 100vw, 681px\" \/>\t\t\t\t\t\t\t\t\t\t\t\t\t\t\t<\/div>\n\t\t\t\t<\/div>\n\t\t\t\t<\/div>\n\t\t\t\t\t<\/div>\n\t\t\t\t<\/div>\n\t\t<div class=\"elementor-element elementor-element-4416cfc5 e-flex e-con-boxed e-con e-parent\" data-id=\"4416cfc5\" data-element_type=\"container\" data-e-type=\"container\" id=\"next\">\n\t\t\t\t\t<div class=\"e-con-inner\">\n\t\t\t\t<div class=\"elementor-element elementor-element-61bbbfb elementor-widget elementor-widget-heading\" data-id=\"61bbbfb\" data-element_type=\"widget\" data-e-type=\"widget\" data-widget_type=\"heading.default\">\n\t\t\t\t\t<h1 class=\"elementor-heading-title elementor-size-default\">Unterst\u00fctzung f\u00fcr Unternehmen in verschiedenen Sektoren<\/h1>\t\t\t\t<\/div>\n\t\t\t\t<div class=\"elementor-element elementor-element-022e7c1 elementor-widget__width-initial elementor-widget elementor-widget-text-editor\" data-id=\"022e7c1\" data-element_type=\"widget\" data-e-type=\"widget\" data-widget_type=\"text-editor.default\">\n\t\t\t\t\t\t\t\t\tUnternehmen ben\u00f6tigen manchmal zus\u00e4tzliche Kapazit\u00e4ten, um Arbeiten auszuf\u00fchren, Projekte zu unterst\u00fctzen oder vor\u00fcbergehende Spitzenzeiten zu bew\u00e4ltigen. KKS Niederlande hilft Organisationen mit erfahrenem Personal und professionellen Dienstleistungen.<\/p>\n<p data-start=\"1006\" data-end=\"1230\">Im Mittelpunkt unserer Dienstleistungen stehen Flexibilit\u00e4t und Zuverl\u00e4ssigkeit. Wir sorgen daf\u00fcr, dass Unternehmen schnell \u00fcber die richtigen Mitarbeiter und die richtige Unterst\u00fctzung verf\u00fcgen, damit die Arbeiten effizient und sicher durchgef\u00fchrt werden k\u00f6nnen.\t\t\t\t\t\t\t\t<\/div>\n\t\t\t\t<div class=\"elementor-element elementor-element-a6a29c7 elementor-widget elementor-widget-html\" data-id=\"a6a29c7\" data-element_type=\"widget\" data-e-type=\"widget\" data-widget_type=\"html.default\">\n\t\t\t\t\t<div class=\"kks-services\">\n\n<div class=\"kks-card\">\n    <div class=\"kks-card-image\">\n        <img decoding=\"async\" src=\"https:\/\/kks-group.nl\/wp-content\/uploads\/2026\/03\/Industrie-Productie-praktijkvoorbeeld-KKS-Nederland.webp\" alt=\"Technologie\">\n    <\/div>\n    <div class=\"kks-card-content\">\n        <h3>Industrie<\/h3>\n        <p>Unterst\u00fctzung in industriellen Umgebungen, in denen Kontinuit\u00e4t, Sicherheit und Arbeitsqualit\u00e4t eine wichtige Rolle spielen.\n<\/p>\n    <\/div>\n<\/div>\n\n<div class=\"kks-card\">\n    <div class=\"kks-card-image\">\n        <img decoding=\"async\" src=\"https:\/\/kks-group.nl\/wp-content\/uploads\/2026\/03\/KKS-Transport.webp\" alt=\"Logistiek medewerker KKS\">\n    <\/div>\n    <div class=\"kks-card-content\">\n        <h3>Logistik<\/h3>\n        <p>Professionelle Unterst\u00fctzung in Logistikumgebungen, in denen Prozesse, Transport und Planung t\u00e4glich zusammenkommen.\n<\/p>\n        \n    <\/div>\n<\/div>\n\n<div class=\"kks-card\">\n    <div class=\"kks-card-image\">\n        <img decoding=\"async\" src=\"https:\/\/kks-group.nl\/wp-content\/uploads\/2026\/03\/Bouw-praktijkvoorbeeld-KKS-Nederland.webp\" alt=\"Transport\">\n    <\/div>\n    <div class=\"kks-card-content\">\n        <h3>Konstruktion und Einbau<\/h3>\n        <p>Flexibler Einsatz von Fachleuten auf Baustellen und bei Installationsarbeiten, wo Planung und Ausf\u00fchrung aufeinandertreffen.\n<\/p>\n    <\/div>\n<\/div>\n\n<div class=\"kks-card\">\n    <div class=\"kks-card-image\">\n        <img decoding=\"async\" src=\"https:\/\/kks-group.nl\/wp-content\/uploads\/2026\/03\/Kantoor-KKS.webp\" alt=\"Sicherheit\">\n    <\/div>\n    <div class=\"kks-card-content\">\n        <h3>Unternehmen und B\u00fcros<\/h3>\n        <p>Unterst\u00fctzung f\u00fcr Organisationen, die Wert auf ein professionelles Arbeitsumfeld, Service und Sicherheit legen.\n<\/p>\n    <\/div>\n<\/div>\n\n<\/div>\t\t\t\t<\/div>\n\t\t\t\t\t<\/div>\n\t\t\t\t<\/div>\n\t\t<div class=\"elementor-element elementor-element-b63619b e-flex e-con-boxed e-con e-parent\" data-id=\"b63619b\" data-element_type=\"container\" data-e-type=\"container\" data-settings=\"{&quot;background_background&quot;:&quot;classic&quot;}\">\n\t\t\t\t\t<div class=\"e-con-inner\">\n\t\t<div class=\"elementor-element elementor-element-d25bed4 e-con-full e-flex e-con e-child\" data-id=\"d25bed4\" data-element_type=\"container\" data-e-type=\"container\">\n\t\t\t\t<div class=\"elementor-element elementor-element-f4d2059 elementor-widget elementor-widget-heading\" data-id=\"f4d2059\" data-element_type=\"widget\" data-e-type=\"widget\" data-widget_type=\"heading.default\">\n\t\t\t\t\t<h1 class=\"elementor-heading-title elementor-size-default\">Flexible Unterst\u00fctzung f\u00fcr unterschiedliche Organisationen<\/h1>\t\t\t\t<\/div>\n\t\t\t\t<div class=\"elementor-element elementor-element-677b259 elementor-widget elementor-widget-text-editor\" data-id=\"677b259\" data-element_type=\"widget\" data-e-type=\"widget\" data-widget_type=\"text-editor.default\">\n\t\t\t\t\t\t\t\t\t<p data-pm-slice=\"1 1 []\">Ob in der industriellen Produktion, in logistischen Prozessen, bei Bauprojekten oder in B\u00fcroumgebungen - Organisationen m\u00fcssen sich auf Menschen verlassen k\u00f6nnen, die ihre Arbeit verstehen. KKS vermittelt Fachkr\u00e4fte, die es gewohnt sind, in verschiedenen Bereichen zu arbeiten und sich schnell an das Arbeitsumfeld anzupassen.<\/p>\t\t\t\t\t\t\t\t<\/div>\n\t\t<div class=\"elementor-element elementor-element-1b4416f e-con-full e-flex e-con e-child\" data-id=\"1b4416f\" data-element_type=\"container\" data-e-type=\"container\">\n\t\t\t\t<div class=\"elementor-element elementor-element-fcb11c1 elementor-mobile-align-center ghostbutton elementor-widget elementor-widget-button\" data-id=\"fcb11c1\" data-element_type=\"widget\" data-e-type=\"widget\" data-widget_type=\"button.default\">\n\t\t\t\t\t\t\t\t\t\t<a class=\"elementor-button elementor-button-link elementor-size-sm\" href=\"https:\/\/kks-group.nl\/de\/contact\/\">\n\t\t\t\t\t\t<span class=\"elementor-button-content-wrapper\">\n\t\t\t\t\t\t\t\t\t<span class=\"elementor-button-text\">Kontakt aufnehmen<\/span>\n\t\t\t\t\t<\/span>\n\t\t\t\t\t<\/a>\n\t\t\t\t\t\t\t\t<\/div>\n\t\t\t\t<\/div>\n\t\t\t\t<\/div>\n\t\t<div class=\"elementor-element elementor-element-06feb99 e-con-full e-flex e-con e-child\" data-id=\"06feb99\" data-element_type=\"container\" data-e-type=\"container\">\n\t\t\t\t<div class=\"elementor-element elementor-element-c6b3320 elementor-widget elementor-widget-image\" data-id=\"c6b3320\" data-element_type=\"widget\" data-e-type=\"widget\" data-widget_type=\"image.default\">\n\t\t\t\t\t\t\t\t\t\t\t\t\t\t\t<img loading=\"lazy\" decoding=\"async\" width=\"2500\" height=\"2500\" src=\"https:\/\/kks-group.nl\/wp-content\/uploads\/2026\/03\/KKS-43.webp\" class=\"attachment-full size-full wp-image-224\" alt=\"\" srcset=\"https:\/\/kks-group.nl\/wp-content\/uploads\/2026\/03\/KKS-43.webp 2500w, https:\/\/kks-group.nl\/wp-content\/uploads\/2026\/03\/KKS-43-300x300.webp 300w, https:\/\/kks-group.nl\/wp-content\/uploads\/2026\/03\/KKS-43-1024x1024.webp 1024w, https:\/\/kks-group.nl\/wp-content\/uploads\/2026\/03\/KKS-43-150x150.webp 150w, https:\/\/kks-group.nl\/wp-content\/uploads\/2026\/03\/KKS-43-768x768.webp 768w, https:\/\/kks-group.nl\/wp-content\/uploads\/2026\/03\/KKS-43-1536x1536.webp 1536w, https:\/\/kks-group.nl\/wp-content\/uploads\/2026\/03\/KKS-43-2048x2048.webp 2048w\" sizes=\"(max-width: 2500px) 100vw, 2500px\" \/>\t\t\t\t\t\t\t\t\t\t\t\t\t\t\t<\/div>\n\t\t\t\t<\/div>\n\t\t\t\t\t<\/div>\n\t\t\t\t<\/div>\n\t\t<div class=\"elementor-element elementor-element-0a6b639 e-flex e-con-boxed e-con e-parent\" data-id=\"0a6b639\" data-element_type=\"container\" data-e-type=\"container\" data-settings=\"{&quot;background_background&quot;:&quot;classic&quot;}\">\n\t\t\t\t\t<div class=\"e-con-inner\">\n\t\t<div class=\"elementor-element elementor-element-5aa37d0 e-con-full e-flex e-con e-child\" data-id=\"5aa37d0\" data-element_type=\"container\" data-e-type=\"container\">\n\t\t\t\t<div class=\"elementor-element elementor-element-e01365d elementor-widget elementor-widget-text-editor\" data-id=\"e01365d\" data-element_type=\"widget\" data-e-type=\"widget\" data-widget_type=\"text-editor.default\">\n\t\t\t\t\t\t\t\t\t<p data-start=\"3065\" data-end=\"3316\">Organisationen in verschiedenen Sektoren ben\u00f6tigen regelm\u00e4\u00dfig zus\u00e4tzliche Kapazit\u00e4ten oder spezielle Unterst\u00fctzung. Sei es in der Industrie, bei logistischen Prozessen, bei Bauprojekten oder bei der Unterst\u00fctzung in B\u00fcroumgebungen.<\/p><p data-start=\"3323\" data-end=\"3647\">KKS Niederlande bietet erfahrene Fachkr\u00e4fte, die in diesen Bereichen flexibel eingesetzt werden k\u00f6nnen. Dank unserer breiten Palette an Dienstleistungen k\u00f6nnen wir Unternehmen mit technischem Personal, Reinigungsdiensten, Transport und Sicherheit unterst\u00fctzen. So k\u00f6nnen Unternehmen schnell umschalten, wenn zus\u00e4tzliche Kapazit\u00e4ten oder Fachwissen ben\u00f6tigt werden.<\/p><p data-start=\"3323\" data-end=\"3647\">Innerhalb dieser Sektoren unterst\u00fctzt KKS Niederlande Unternehmen mit <a href=\"https:\/\/kks-group.nl\/de\/dienstleistungen\/techniek\/\">technisches Personal<\/a>, <a href=\"https:\/\/kks-group.nl\/de\/dienstleistungen\/reinigung\/\">Reinigungsdienste<\/a>, <a href=\"https:\/\/kks-group.nl\/de\/dienstleistungen\/transportieren\/\">Transportunterst\u00fctzung<\/a> und <a href=\"https:\/\/kks-group.nl\/de\/dienstleistungen\/sicherheit\/\">Sicherheitsdienste<\/a>.<\/p>\t\t\t\t\t\t\t\t<\/div>\n\t\t\t\t<\/div>\n\t\t\t\t\t<\/div>\n\t\t\t\t<\/div>\n\t\t\t\t<\/div>","protected":false},"excerpt":{"rendered":"<p>Sectoren waarin KKS actief is KKS Nederland ondersteunt organisaties binnen verschillende sectoren waar flexibiliteit, vakmanschap en betrouwbare inzet belangrijk zijn. Wij leveren ondersteuning met professionals voor technische werkzaamheden, schoonmaak, transport en beveiliging. Elke sector heeft zijn eigen dynamiek. Werkprocessen, veiligheidseisen en planningen verschillen per omgeving. Daarom zorgen wij voor een aanpak die aansluit bij de [&hellip;]<\/p>\n","protected":false},"author":1,"featured_media":0,"parent":0,"menu_order":0,"comment_status":"closed","ping_status":"closed","template":"","meta":{"_acf_changed":false,"footnotes":""},"class_list":["post-584","page","type-page","status-publish","hentry"],"acf":[],"yoast_head":"<!-- This site is optimized with the Yoast SEO plugin v27.4 - https:\/\/yoast.com\/product\/yoast-seo-wordpress\/ -->\n<title>Ondersteuning voor bedrijven in verschillende sectoren - KKS Nederland B.V.<\/title>\n<meta name=\"description\" content=\"KKS Nederland ondersteunt bedrijven in sectoren zoals industrie, logistiek, bouw en kantoren met ervaren vakmensen voor techniek, schoonmaak, transport en beveiliging.\" \/>\n<meta name=\"robots\" content=\"noindex, follow, max-snippet:-1, max-image-preview:large, max-video-preview:-1\" \/>\n<meta property=\"og:locale\" content=\"de_DE\" \/>\n<meta property=\"og:type\" content=\"article\" \/>\n<meta property=\"og:title\" content=\"Ondersteuning voor bedrijven in verschillende sectoren - KKS Nederland B.V.\" \/>\n<meta property=\"og:description\" content=\"KKS Nederland ondersteunt bedrijven in sectoren zoals industrie, logistiek, bouw en kantoren met ervaren vakmensen voor techniek, schoonmaak, transport en beveiliging.\" \/>\n<meta property=\"og:url\" content=\"https:\/\/kks-group.nl\/de\/sectoren\/\" \/>\n<meta property=\"og:site_name\" content=\"KKS Nederland B.V.\" \/>\n<meta property=\"article:modified_time\" content=\"2026-04-20T19:16:02+00:00\" \/>\n<meta property=\"og:image\" content=\"https:\/\/kks-group.nl\/wp-content\/uploads\/2026\/03\/KKS-28.webp\" \/>\n\t<meta property=\"og:image:width\" content=\"2500\" \/>\n\t<meta property=\"og:image:height\" content=\"1663\" \/>\n\t<meta property=\"og:image:type\" content=\"image\/webp\" \/>\n<meta name=\"twitter:card\" content=\"summary_large_image\" \/>\n<meta name=\"twitter:title\" content=\"Ondersteuning voor bedrijven in verschillende sectoren - KKS Nederland B.V.\" \/>\n<meta name=\"twitter:description\" content=\"KKS Nederland ondersteunt bedrijven in sectoren zoals industrie, logistiek, bouw en kantoren met ervaren vakmensen voor techniek, schoonmaak, transport en beveiliging.\" \/>\n<meta name=\"twitter:image\" content=\"https:\/\/kks-group.nl\/wp-content\/uploads\/2026\/03\/KKS-28.webp\" \/>\n<meta name=\"twitter:label1\" content=\"Gesch\u00e4tzte Lesezeit\" \/>\n\t<meta name=\"twitter:data1\" content=\"3\u00a0Minuten\" \/>\n<script type=\"application\/ld+json\" class=\"yoast-schema-graph\">{\"@context\":\"https:\\\/\\\/schema.org\",\"@graph\":[{\"@type\":\"WebPage\",\"@id\":\"https:\\\/\\\/kks-group.nl\\\/sectoren\\\/\",\"url\":\"https:\\\/\\\/kks-group.nl\\\/sectoren\\\/\",\"name\":\"Ondersteuning voor bedrijven in verschillende sectoren - KKS Nederland B.V.\",\"isPartOf\":{\"@id\":\"https:\\\/\\\/kks-group.nl\\\/#website\"},\"primaryImageOfPage\":{\"@id\":\"https:\\\/\\\/kks-group.nl\\\/sectoren\\\/#primaryimage\"},\"image\":{\"@id\":\"https:\\\/\\\/kks-group.nl\\\/sectoren\\\/#primaryimage\"},\"thumbnailUrl\":\"https:\\\/\\\/kks-group.nl\\\/wp-content\\\/uploads\\\/2026\\\/03\\\/KKS-28.webp\",\"datePublished\":\"2026-03-12T12:09:04+00:00\",\"dateModified\":\"2026-04-20T19:16:02+00:00\",\"description\":\"KKS Nederland ondersteunt bedrijven in sectoren zoals industrie, logistiek, bouw en kantoren met ervaren vakmensen voor techniek, schoonmaak, transport en beveiliging.\",\"breadcrumb\":{\"@id\":\"https:\\\/\\\/kks-group.nl\\\/sectoren\\\/#breadcrumb\"},\"inLanguage\":\"de\",\"potentialAction\":[{\"@type\":\"ReadAction\",\"target\":[\"https:\\\/\\\/kks-group.nl\\\/sectoren\\\/\"]}]},{\"@type\":\"ImageObject\",\"inLanguage\":\"de\",\"@id\":\"https:\\\/\\\/kks-group.nl\\\/sectoren\\\/#primaryimage\",\"url\":\"https:\\\/\\\/kks-group.nl\\\/wp-content\\\/uploads\\\/2026\\\/03\\\/KKS-28.webp\",\"contentUrl\":\"https:\\\/\\\/kks-group.nl\\\/wp-content\\\/uploads\\\/2026\\\/03\\\/KKS-28.webp\"},{\"@type\":\"BreadcrumbList\",\"@id\":\"https:\\\/\\\/kks-group.nl\\\/sectoren\\\/#breadcrumb\",\"itemListElement\":[{\"@type\":\"ListItem\",\"position\":1,\"name\":\"Home\",\"item\":\"https:\\\/\\\/kks-group.nl\\\/\"},{\"@type\":\"ListItem\",\"position\":2,\"name\":\"Sectoren\"}]},{\"@type\":\"WebSite\",\"@id\":\"https:\\\/\\\/kks-group.nl\\\/#website\",\"url\":\"https:\\\/\\\/kks-group.nl\\\/\",\"name\":\"KKS Nederland B.V.\",\"description\":\"Projectmatige personeelsinzet\",\"publisher\":{\"@id\":\"https:\\\/\\\/kks-group.nl\\\/#organization\"},\"potentialAction\":[{\"@type\":\"SearchAction\",\"target\":{\"@type\":\"EntryPoint\",\"urlTemplate\":\"https:\\\/\\\/kks-group.nl\\\/?s={search_term_string}\"},\"query-input\":{\"@type\":\"PropertyValueSpecification\",\"valueRequired\":true,\"valueName\":\"search_term_string\"}}],\"inLanguage\":\"de\"},{\"@type\":\"Organization\",\"@id\":\"https:\\\/\\\/kks-group.nl\\\/#organization\",\"name\":\"KKS Nederland B.V.\",\"url\":\"https:\\\/\\\/kks-group.nl\\\/\",\"logo\":{\"@type\":\"ImageObject\",\"inLanguage\":\"de\",\"@id\":\"https:\\\/\\\/kks-group.nl\\\/#\\\/schema\\\/logo\\\/image\\\/\",\"url\":\"https:\\\/\\\/kks-group.nl\\\/wp-content\\\/uploads\\\/2026\\\/03\\\/cropped-kks-favicon.webp\",\"contentUrl\":\"https:\\\/\\\/kks-group.nl\\\/wp-content\\\/uploads\\\/2026\\\/03\\\/cropped-kks-favicon.webp\",\"width\":512,\"height\":512,\"caption\":\"KKS Nederland B.V.\"},\"image\":{\"@id\":\"https:\\\/\\\/kks-group.nl\\\/#\\\/schema\\\/logo\\\/image\\\/\"}}]}<\/script>\n<!-- \/ Yoast SEO plugin. -->","yoast_head_json":{"title":"Ondersteuning voor bedrijven in verschillende sectoren - KKS Nederland B.V.","description":"KKS Nederland ondersteunt bedrijven in sectoren zoals industrie, logistiek, bouw en kantoren met ervaren vakmensen voor techniek, schoonmaak, transport en beveiliging.","robots":{"index":"noindex","follow":"follow","max-snippet":"max-snippet:-1","max-image-preview":"max-image-preview:large","max-video-preview":"max-video-preview:-1"},"og_locale":"de_DE","og_type":"article","og_title":"Ondersteuning voor bedrijven in verschillende sectoren - KKS Nederland B.V.","og_description":"KKS Nederland ondersteunt bedrijven in sectoren zoals industrie, logistiek, bouw en kantoren met ervaren vakmensen voor techniek, schoonmaak, transport en beveiliging.","og_url":"https:\/\/kks-group.nl\/de\/sectoren\/","og_site_name":"KKS Nederland B.V.","article_modified_time":"2026-04-20T19:16:02+00:00","og_image":[{"width":2500,"height":1663,"url":"https:\/\/kks-group.nl\/wp-content\/uploads\/2026\/03\/KKS-28.webp","type":"image\/webp"}],"twitter_card":"summary_large_image","twitter_title":"Ondersteuning voor bedrijven in verschillende sectoren - KKS Nederland B.V.","twitter_description":"KKS Nederland ondersteunt bedrijven in sectoren zoals industrie, logistiek, bouw en kantoren met ervaren vakmensen voor techniek, schoonmaak, transport en beveiliging.","twitter_image":"https:\/\/kks-group.nl\/wp-content\/uploads\/2026\/03\/KKS-28.webp","twitter_misc":{"Gesch\u00e4tzte Lesezeit":"3\u00a0Minuten"},"schema":{"@context":"https:\/\/schema.org","@graph":[{"@type":"WebPage","@id":"https:\/\/kks-group.nl\/sectoren\/","url":"https:\/\/kks-group.nl\/sectoren\/","name":"Ondersteuning voor bedrijven in verschillende sectoren - KKS Nederland B.V.","isPartOf":{"@id":"https:\/\/kks-group.nl\/#website"},"primaryImageOfPage":{"@id":"https:\/\/kks-group.nl\/sectoren\/#primaryimage"},"image":{"@id":"https:\/\/kks-group.nl\/sectoren\/#primaryimage"},"thumbnailUrl":"https:\/\/kks-group.nl\/wp-content\/uploads\/2026\/03\/KKS-28.webp","datePublished":"2026-03-12T12:09:04+00:00","dateModified":"2026-04-20T19:16:02+00:00","description":"KKS Nederland ondersteunt bedrijven in sectoren zoals industrie, logistiek, bouw en kantoren met ervaren vakmensen voor techniek, schoonmaak, transport en beveiliging.","breadcrumb":{"@id":"https:\/\/kks-group.nl\/sectoren\/#breadcrumb"},"inLanguage":"de","potentialAction":[{"@type":"ReadAction","target":["https:\/\/kks-group.nl\/sectoren\/"]}]},{"@type":"ImageObject","inLanguage":"de","@id":"https:\/\/kks-group.nl\/sectoren\/#primaryimage","url":"https:\/\/kks-group.nl\/wp-content\/uploads\/2026\/03\/KKS-28.webp","contentUrl":"https:\/\/kks-group.nl\/wp-content\/uploads\/2026\/03\/KKS-28.webp"},{"@type":"BreadcrumbList","@id":"https:\/\/kks-group.nl\/sectoren\/#breadcrumb","itemListElement":[{"@type":"ListItem","position":1,"name":"Home","item":"https:\/\/kks-group.nl\/"},{"@type":"ListItem","position":2,"name":"Sectoren"}]},{"@type":"WebSite","@id":"https:\/\/kks-group.nl\/#website","url":"https:\/\/kks-group.nl\/","name":"KKS Nederland B.V.","description":"Projektbezogene Personalbesetzung","publisher":{"@id":"https:\/\/kks-group.nl\/#organization"},"potentialAction":[{"@type":"SearchAction","target":{"@type":"EntryPoint","urlTemplate":"https:\/\/kks-group.nl\/?s={search_term_string}"},"query-input":{"@type":"PropertyValueSpecification","valueRequired":true,"valueName":"search_term_string"}}],"inLanguage":"de"},{"@type":"Organization","@id":"https:\/\/kks-group.nl\/#organization","name":"KKS Nederland B.V.","url":"https:\/\/kks-group.nl\/","logo":{"@type":"ImageObject","inLanguage":"de","@id":"https:\/\/kks-group.nl\/#\/schema\/logo\/image\/","url":"https:\/\/kks-group.nl\/wp-content\/uploads\/2026\/03\/cropped-kks-favicon.webp","contentUrl":"https:\/\/kks-group.nl\/wp-content\/uploads\/2026\/03\/cropped-kks-favicon.webp","width":512,"height":512,"caption":"KKS Nederland B.V."},"image":{"@id":"https:\/\/kks-group.nl\/#\/schema\/logo\/image\/"}}]}},"_links":{"self":[{"href":"https:\/\/kks-group.nl\/de\/wp-json\/wp\/v2\/pages\/584","targetHints":{"allow":["GET"]}}],"collection":[{"href":"https:\/\/kks-group.nl\/de\/wp-json\/wp\/v2\/pages"}],"about":[{"href":"https:\/\/kks-group.nl\/de\/wp-json\/wp\/v2\/types\/page"}],"author":[{"embeddable":true,"href":"https:\/\/kks-group.nl\/de\/wp-json\/wp\/v2\/users\/1"}],"replies":[{"embeddable":true,"href":"https:\/\/kks-group.nl\/de\/wp-json\/wp\/v2\/comments?post=584"}],"version-history":[{"count":32,"href":"https:\/\/kks-group.nl\/de\/wp-json\/wp\/v2\/pages\/584\/revisions"}],"predecessor-version":[{"id":859,"href":"https:\/\/kks-group.nl\/de\/wp-json\/wp\/v2\/pages\/584\/revisions\/859"}],"wp:attachment":[{"href":"https:\/\/kks-group.nl\/de\/wp-json\/wp\/v2\/media?parent=584"}],"curies":[{"name":"wp","href":"https:\/\/api.w.org\/{rel}","templated":true}]}}